{"id":40,"date":"2019-10-09T11:16:23","date_gmt":"2019-10-09T11:16:23","guid":{"rendered":"https:\/\/medivisc.a2hosted.com\/?post_type=product&#038;p=40"},"modified":"2022-10-23T17:44:51","modified_gmt":"2022-10-23T17:44:51","slug":"medivisc-pillow","status":"publish","type":"product","link":"https:\/\/www.medivisc.com\/fr\/produit\/medivisc-pillow\/","title":{"rendered":"Medivisc Pillow"},"content":{"rendered":"<ul>\n<li><strong>Extra Comfortable:<\/strong> Se moule \u00e0 la forme de votre t\u00eate et de votre cou, offrant un soutien parfait permettant a dormir plus profond et plus confortable.<\/li>\n<li><strong>Breathable:<\/strong> Unlike normal memory foam, with our open cell technology, Medivisc pillow does not heat up while sleeping while letting air circulates through the foam cells for the most comfortable sleeping experience.<\/li>\n<li><strong>Neck &amp; back pain:<\/strong> Reduces pressure points with a balanced weight distribution technology resulting in less neck &amp; back pain.<\/li>\n<li><strong>Perfect Balance:<\/strong> Perfect balance between hard and fluffy to ensure a unique sleeping exprience.<\/li>\n<li><strong>Less Snoring:<\/strong> Moins ronflement par alignant votre t\u00eate avec votre colonne vert\u00e9brale, il am\u00e9liore les voies respiratoires et la respiration.<\/li>\n<li><strong>Durable:<\/strong> Nous offrons 2 ans de garantie que notre oreiller ne perdra jamais aucune hauteur et maintiendra le m\u00eame \u00e9quilibre de duret\u00e9<\/li>\n<\/ul>\n<div style=\"width: 640px;\" class=\"wp-video\"><video class=\"wp-video-shortcode\" id=\"video-40-1\" width=\"640\" height=\"360\" preload=\"metadata\" controls=\"controls\"><source type=\"video\/mp4\" src=\"https:\/\/medivisc.a2hosted.com\/wp-content\/uploads\/2019\/10\/IMG_6268.mp4?_=1\" \/><a href=\"https:\/\/medivisc.a2hosted.com\/wp-content\/uploads\/2019\/10\/IMG_6268.mp4\">https:\/\/medivisc.a2hosted.com\/wp-content\/uploads\/2019\/10\/IMG_6268.mp4<\/a><\/video><\/div>","protected":false},"excerpt":{"rendered":"<ul>\n<li>Extra comfortable<\/li>\n<li>Breathable (Open cell technology)<\/li>\n<li>Less neck &amp; back pain<\/li>\n<li>Less snoring<\/li>\n<li>Durable (2 years warranty)<\/li>\n<\/ul>\n<p><em>Size: 60 X 40 cm<\/em><strong><\/strong><\/p>","protected":false},"featured_media":58,"comment_status":"open","ping_status":"closed","template":"","meta":[],"product_brand":[],"product_cat":[18,20],"product_tag":[],"class_list":{"0":"post-40","1":"product","2":"type-product","3":"status-publish","4":"has-post-thumbnail","6":"product_cat-pillows","7":"product_cat-products","9":"first","10":"instock","11":"taxable","12":"shipping-taxable","13":"purchasable","14":"product-type-simple"},"yoast_head":"<!-- This site is optimized with the Yoast SEO plugin v27.4 - https:\/\/yoast.com\/product\/yoast-seo-wordpress\/ -->\n<title>Medivisc Smart Pillow<\/title>\n<meta name=\"description\" content=\"Introducing the first ever customizable pillow for great sleeping experience.\" \/>\n<meta name=\"robots\" content=\"index, follow, max-snippet:-1, max-image-preview:large, max-video-preview:-1\" \/>\n<link rel=\"canonical\" href=\"https:\/\/www.medivisc.com\/fr\/produit\/medivisc-pillow\/\" \/>\n<meta property=\"og:locale\" content=\"fr_FR\" \/>\n<meta property=\"og:type\" content=\"article\" \/>\n<meta property=\"og:title\" content=\"Medivisc Smart Pillow\" \/>\n<meta property=\"og:description\" content=\"Introducing the first ever customizable pillow for great sleeping experience.\" \/>\n<meta property=\"og:url\" content=\"https:\/\/www.medivisc.com\/fr\/produit\/medivisc-pillow\/\" \/>\n<meta property=\"og:site_name\" content=\"Medivisc\" \/>\n<meta property=\"article:publisher\" content=\"https:\/\/www.facebook.com\/medivisc\/\" \/>\n<meta property=\"article:modified_time\" content=\"2022-10-23T17:44:51+00:00\" \/>\n<meta property=\"og:image\" content=\"https:\/\/www.medivisc.com\/wp-content\/uploads\/2019\/10\/rectangle-Pillow.jpg\" \/>\n\t<meta property=\"og:image:width\" content=\"443\" \/>\n\t<meta property=\"og:image:height\" content=\"444\" \/>\n\t<meta property=\"og:image:type\" content=\"image\/jpeg\" \/>\n<meta name=\"twitter:card\" content=\"summary_large_image\" \/>\n<meta name=\"twitter:label1\" content=\"Dur\u00e9e de lecture estim\u00e9e\" \/>\n\t<meta name=\"twitter:data1\" content=\"1 minute\" \/>\n<script type=\"application\/ld+json\" class=\"yoast-schema-graph\">{\"@context\":\"https:\\\/\\\/schema.org\",\"@graph\":[{\"@type\":\"WebPage\",\"@id\":\"https:\\\/\\\/www.medivisc.com\\\/product\\\/medivisc-pillow\\\/\",\"url\":\"https:\\\/\\\/www.medivisc.com\\\/product\\\/medivisc-pillow\\\/\",\"name\":\"Medivisc Smart Pillow\",\"isPartOf\":{\"@id\":\"https:\\\/\\\/www.medivisc.com\\\/#website\"},\"primaryImageOfPage\":{\"@id\":\"https:\\\/\\\/www.medivisc.com\\\/product\\\/medivisc-pillow\\\/#primaryimage\"},\"image\":{\"@id\":\"https:\\\/\\\/www.medivisc.com\\\/product\\\/medivisc-pillow\\\/#primaryimage\"},\"thumbnailUrl\":\"https:\\\/\\\/www.medivisc.com\\\/wp-content\\\/uploads\\\/2019\\\/10\\\/rectangle-Pillow.jpg\",\"datePublished\":\"2019-10-09T11:16:23+00:00\",\"dateModified\":\"2022-10-23T17:44:51+00:00\",\"description\":\"Introducing the first ever customizable pillow for great sleeping experience.\",\"breadcrumb\":{\"@id\":\"https:\\\/\\\/www.medivisc.com\\\/product\\\/medivisc-pillow\\\/#breadcrumb\"},\"inLanguage\":\"fr-FR\",\"potentialAction\":[{\"@type\":\"ReadAction\",\"target\":[\"https:\\\/\\\/www.medivisc.com\\\/product\\\/medivisc-pillow\\\/\"]}]},{\"@type\":\"ImageObject\",\"inLanguage\":\"fr-FR\",\"@id\":\"https:\\\/\\\/www.medivisc.com\\\/product\\\/medivisc-pillow\\\/#primaryimage\",\"url\":\"https:\\\/\\\/www.medivisc.com\\\/wp-content\\\/uploads\\\/2019\\\/10\\\/rectangle-Pillow.jpg\",\"contentUrl\":\"https:\\\/\\\/www.medivisc.com\\\/wp-content\\\/uploads\\\/2019\\\/10\\\/rectangle-Pillow.jpg\",\"width\":443,\"height\":444},{\"@type\":\"BreadcrumbList\",\"@id\":\"https:\\\/\\\/www.medivisc.com\\\/product\\\/medivisc-pillow\\\/#breadcrumb\",\"itemListElement\":[{\"@type\":\"ListItem\",\"position\":1,\"name\":\"Home\",\"item\":\"https:\\\/\\\/www.medivisc.com\\\/\"},{\"@type\":\"ListItem\",\"position\":2,\"name\":\"Shop\",\"item\":\"https:\\\/\\\/www.medivisc.com\\\/shop\\\/\"},{\"@type\":\"ListItem\",\"position\":3,\"name\":\"Medivisc Pillow\"}]},{\"@type\":\"WebSite\",\"@id\":\"https:\\\/\\\/www.medivisc.com\\\/#website\",\"url\":\"https:\\\/\\\/www.medivisc.com\\\/\",\"name\":\"Medivisc\",\"description\":\"Medivisc\",\"publisher\":{\"@id\":\"https:\\\/\\\/www.medivisc.com\\\/#organization\"},\"potentialAction\":[{\"@type\":\"SearchAction\",\"target\":{\"@type\":\"EntryPoint\",\"urlTemplate\":\"https:\\\/\\\/www.medivisc.com\\\/?s={search_term_string}\"},\"query-input\":{\"@type\":\"PropertyValueSpecification\",\"valueRequired\":true,\"valueName\":\"search_term_string\"}}],\"inLanguage\":\"fr-FR\"},{\"@type\":\"Organization\",\"@id\":\"https:\\\/\\\/www.medivisc.com\\\/#organization\",\"name\":\"Medivisc\",\"url\":\"https:\\\/\\\/www.medivisc.com\\\/\",\"logo\":{\"@type\":\"ImageObject\",\"inLanguage\":\"fr-FR\",\"@id\":\"https:\\\/\\\/www.medivisc.com\\\/#\\\/schema\\\/logo\\\/image\\\/\",\"url\":\"https:\\\/\\\/www.medivisc.com\\\/wp-content\\\/uploads\\\/2019\\\/10\\\/final-logo.png\",\"contentUrl\":\"https:\\\/\\\/www.medivisc.com\\\/wp-content\\\/uploads\\\/2019\\\/10\\\/final-logo.png\",\"width\":360,\"height\":360,\"caption\":\"Medivisc\"},\"image\":{\"@id\":\"https:\\\/\\\/www.medivisc.com\\\/#\\\/schema\\\/logo\\\/image\\\/\"},\"sameAs\":[\"https:\\\/\\\/www.facebook.com\\\/medivisc\\\/\",\"https:\\\/\\\/www.instagram.com\\\/medivisc.global\\\/\"]}]}<\/script>\n<!-- \/ Yoast SEO plugin. -->","yoast_head_json":{"title":"Medivisc Smart Pillow","description":"Introducing the first ever customizable pillow for great sleeping experience.","robots":{"index":"index","follow":"follow","max-snippet":"max-snippet:-1","max-image-preview":"max-image-preview:large","max-video-preview":"max-video-preview:-1"},"canonical":"https:\/\/www.medivisc.com\/fr\/produit\/medivisc-pillow\/","og_locale":"fr_FR","og_type":"article","og_title":"Medivisc Smart Pillow","og_description":"Introducing the first ever customizable pillow for great sleeping experience.","og_url":"https:\/\/www.medivisc.com\/fr\/produit\/medivisc-pillow\/","og_site_name":"Medivisc","article_publisher":"https:\/\/www.facebook.com\/medivisc\/","article_modified_time":"2022-10-23T17:44:51+00:00","og_image":[{"width":443,"height":444,"url":"https:\/\/www.medivisc.com\/wp-content\/uploads\/2019\/10\/rectangle-Pillow.jpg","type":"image\/jpeg"}],"twitter_card":"summary_large_image","twitter_misc":{"Dur\u00e9e de lecture estim\u00e9e":"1 minute"},"schema":{"@context":"https:\/\/schema.org","@graph":[{"@type":"WebPage","@id":"https:\/\/www.medivisc.com\/product\/medivisc-pillow\/","url":"https:\/\/www.medivisc.com\/product\/medivisc-pillow\/","name":"Medivisc Smart Pillow","isPartOf":{"@id":"https:\/\/www.medivisc.com\/#website"},"primaryImageOfPage":{"@id":"https:\/\/www.medivisc.com\/product\/medivisc-pillow\/#primaryimage"},"image":{"@id":"https:\/\/www.medivisc.com\/product\/medivisc-pillow\/#primaryimage"},"thumbnailUrl":"https:\/\/www.medivisc.com\/wp-content\/uploads\/2019\/10\/rectangle-Pillow.jpg","datePublished":"2019-10-09T11:16:23+00:00","dateModified":"2022-10-23T17:44:51+00:00","description":"Introducing the first ever customizable pillow for great sleeping experience.","breadcrumb":{"@id":"https:\/\/www.medivisc.com\/product\/medivisc-pillow\/#breadcrumb"},"inLanguage":"fr-FR","potentialAction":[{"@type":"ReadAction","target":["https:\/\/www.medivisc.com\/product\/medivisc-pillow\/"]}]},{"@type":"ImageObject","inLanguage":"fr-FR","@id":"https:\/\/www.medivisc.com\/product\/medivisc-pillow\/#primaryimage","url":"https:\/\/www.medivisc.com\/wp-content\/uploads\/2019\/10\/rectangle-Pillow.jpg","contentUrl":"https:\/\/www.medivisc.com\/wp-content\/uploads\/2019\/10\/rectangle-Pillow.jpg","width":443,"height":444},{"@type":"BreadcrumbList","@id":"https:\/\/www.medivisc.com\/product\/medivisc-pillow\/#breadcrumb","itemListElement":[{"@type":"ListItem","position":1,"name":"Home","item":"https:\/\/www.medivisc.com\/"},{"@type":"ListItem","position":2,"name":"Shop","item":"https:\/\/www.medivisc.com\/shop\/"},{"@type":"ListItem","position":3,"name":"Medivisc Pillow"}]},{"@type":"WebSite","@id":"https:\/\/www.medivisc.com\/#website","url":"https:\/\/www.medivisc.com\/","name":"Medivisc","description":"Medivisc","publisher":{"@id":"https:\/\/www.medivisc.com\/#organization"},"potentialAction":[{"@type":"SearchAction","target":{"@type":"EntryPoint","urlTemplate":"https:\/\/www.medivisc.com\/?s={search_term_string}"},"query-input":{"@type":"PropertyValueSpecification","valueRequired":true,"valueName":"search_term_string"}}],"inLanguage":"fr-FR"},{"@type":"Organization","@id":"https:\/\/www.medivisc.com\/#organization","name":"Medivisc","url":"https:\/\/www.medivisc.com\/","logo":{"@type":"ImageObject","inLanguage":"fr-FR","@id":"https:\/\/www.medivisc.com\/#\/schema\/logo\/image\/","url":"https:\/\/www.medivisc.com\/wp-content\/uploads\/2019\/10\/final-logo.png","contentUrl":"https:\/\/www.medivisc.com\/wp-content\/uploads\/2019\/10\/final-logo.png","width":360,"height":360,"caption":"Medivisc"},"image":{"@id":"https:\/\/www.medivisc.com\/#\/schema\/logo\/image\/"},"sameAs":["https:\/\/www.facebook.com\/medivisc\/","https:\/\/www.instagram.com\/medivisc.global\/"]}]}},"jetpack_sharing_enabled":true,"_links":{"self":[{"href":"https:\/\/www.medivisc.com\/fr\/wp-json\/wp\/v2\/product\/40","targetHints":{"allow":["GET"]}}],"collection":[{"href":"https:\/\/www.medivisc.com\/fr\/wp-json\/wp\/v2\/product"}],"about":[{"href":"https:\/\/www.medivisc.com\/fr\/wp-json\/wp\/v2\/types\/product"}],"replies":[{"embeddable":true,"href":"https:\/\/www.medivisc.com\/fr\/wp-json\/wp\/v2\/comments?post=40"}],"wp:featuredmedia":[{"embeddable":true,"href":"https:\/\/www.medivisc.com\/fr\/wp-json\/wp\/v2\/media\/58"}],"wp:attachment":[{"href":"https:\/\/www.medivisc.com\/fr\/wp-json\/wp\/v2\/media?parent=40"}],"wp:term":[{"taxonomy":"product_brand","embeddable":true,"href":"https:\/\/www.medivisc.com\/fr\/wp-json\/wp\/v2\/product_brand?post=40"},{"taxonomy":"product_cat","embeddable":true,"href":"https:\/\/www.medivisc.com\/fr\/wp-json\/wp\/v2\/product_cat?post=40"},{"taxonomy":"product_tag","embeddable":true,"href":"https:\/\/www.medivisc.com\/fr\/wp-json\/wp\/v2\/product_tag?post=40"}],"curies":[{"name":"wp","href":"https:\/\/api.w.org\/{rel}","templated":true}]}}