{"id":99,"date":"2019-10-09T14:19:47","date_gmt":"2019-10-09T14:19:47","guid":{"rendered":"https:\/\/medivisc.a2hosted.com\/?page_id=99"},"modified":"2019-10-17T13:16:19","modified_gmt":"2019-10-17T13:16:19","slug":"technology","status":"publish","type":"page","link":"https:\/\/www.medivisc.com\/fr\/technology\/","title":{"rendered":"Technologie"},"content":{"rendered":"<img loading=\"lazy\" decoding=\"async\" width=\"750\" height=\"423\" src=\"https:\/\/www.medivisc.com\/wp-content\/uploads\/2019\/10\/chemical-lab.jpg\" alt=\"\" srcset=\"https:\/\/www.medivisc.com\/wp-content\/uploads\/2019\/10\/chemical-lab.jpg 852w, https:\/\/www.medivisc.com\/wp-content\/uploads\/2019\/10\/chemical-lab-300x169.jpg 300w, https:\/\/www.medivisc.com\/wp-content\/uploads\/2019\/10\/chemical-lab-768x433.jpg 768w, https:\/\/www.medivisc.com\/wp-content\/uploads\/2019\/10\/chemical-lab-600x338.jpg 600w\" sizes=\"auto, (max-width: 750px) 100vw, 750px\" \/>\t\t\t\t\t\t\t\t\t\t\t\n\t\t<p>\u00a0\u00a0\u00a0\u00a0\u00a0 Chez medivisc, nous avons d\u00e9velopp\u00e9 une nouvelle technologie de que nous appelons \u00abfoam pneumatique\u00bb. Nous avons effectu\u00e9 des recherches approfondies sur les mat\u00e9riau le plus sain pouvant servir \u00e0 la fabrication d\u2019un oreiller. \"memory foam\" est un des meilleures options pour la sant\u00e9 mais cette material a des certains inconv\u00e9nients. Chez medivisc, nous avons pris les devants pour utiliser un nouveau mat\u00e9riau qui r\u00e9ponde aux avantages de \"memory foam\" en termes de sant\u00e9 et de confort, tout en palliant ses inconv\u00e9nients.<\/p>\t\t\n\t\t\t<h2>Pourquoi foam pneumatique?<\/h2>\t\t\n\t\t<table style=\"border-collapse: collapse; width: 100%;\">\n<tbody>\n<tr>\n<td style=\"width: 21.3592%;\"><img loading=\"lazy\" decoding=\"async\" src=\"https:\/\/www.medivisc.com\/wp-content\/uploads\/2019\/10\/sleep-icon-e1571316509249.png\" alt=\"\" width=\"140\" height=\"100\" \/><\/td>\n<td style=\"width: 78.6408%;\">\n<p>Se moule \u00e0 la forme de votre t\u00eate et de votre cou, offrant un soutien parfait permettant a dormir plus profond et plus confortable.<\/p>\n<\/td>\n<\/tr>\n<tr>\n<td style=\"width: 21.3592%;\"><img loading=\"lazy\" decoding=\"async\" src=\"https:\/\/www.medivisc.com\/wp-content\/uploads\/2019\/10\/Breathable-Icon-1.png\" alt=\"\" width=\"100\" height=\"85\" \/><\/td>\n<td style=\"width: 78.6408%;\">\n<p>Contrairement au \"memory foam\" normale, avec notre technologie \u00e0 cellules ouvertes, l'oreiller Medivisc ne chauffe pas pendant dormir.<\/p>\n<\/td>\n<\/tr>\n<tr>\n<td style=\"width: 21.3592%;\"><img loading=\"lazy\" decoding=\"async\" src=\"https:\/\/www.medivisc.com\/wp-content\/uploads\/2019\/10\/pain-icon.png\" alt=\"\" width=\"100\" height=\"152\" \/><\/td>\n<td style=\"width: 78.6408%;\">\n<p>R\u00e9duit les points de pression gr\u00e2ce \u00e0 une technologie de r\u00e9partition \u00e9quilibr\u00e9e du poids qui r\u00e9duit les douleurs au cou et au dos<\/p>\n<\/td>\n<\/tr>\n<tr>\n<td style=\"width: 21.3592%;\"><img loading=\"lazy\" decoding=\"async\" src=\"https:\/\/www.medivisc.com\/wp-content\/uploads\/2019\/10\/balance-icon.png\" alt=\"\" width=\"100\" height=\"101\" \/><\/td>\n<td style=\"width: 78.6408%;\">\n<p>Equilibre parfait entre dur et moelleux pour assurer la parfait exp\u00e9rience de dormir.<\/p>\n<\/td>\n<\/tr>\n<tr>\n<td style=\"width: 21.3592%;\"><img loading=\"lazy\" decoding=\"async\" src=\"https:\/\/www.medivisc.com\/wp-content\/uploads\/2019\/10\/snore-icon.png\" alt=\"\" width=\"100\" height=\"80\" \/><\/td>\n<td style=\"width: 78.6408%;\">\n<p>Moins ronflement par alignant votre t\u00eate avec votre colonne vert\u00e9brale, il am\u00e9liore les voies respiratoires et la respiration.<\/p>\n<\/td>\n<\/tr>\n<tr>\n<td style=\"width: 21.3592%;\"><img loading=\"lazy\" decoding=\"async\" src=\"https:\/\/www.medivisc.com\/wp-content\/uploads\/2019\/10\/durable-icon.png\" alt=\"\" width=\"100\" height=\"111\" \/><\/td>\n<td style=\"width: 78.6408%;\">\n<p>Nous offrons 2 ans de garantie que notre oreiller ne perdra jamais aucune hauteur et maintiendra le m\u00eame \u00e9quilibre de duret\u00e9<\/p>\n<\/td>\n<\/tr>\n<\/tbody>\n<\/table>\t\t\n\t\t\t\t\t\t\t\t\t\t<img loading=\"lazy\" decoding=\"async\" width=\"750\" height=\"480\" src=\"https:\/\/www.medivisc.com\/wp-content\/uploads\/2019\/10\/Comparison-1024x656.png\" alt=\"\" srcset=\"https:\/\/www.medivisc.com\/wp-content\/uploads\/2019\/10\/Comparison-1024x656.png 1024w, https:\/\/www.medivisc.com\/wp-content\/uploads\/2019\/10\/Comparison-300x192.png 300w, https:\/\/www.medivisc.com\/wp-content\/uploads\/2019\/10\/Comparison-768x492.png 768w, https:\/\/www.medivisc.com\/wp-content\/uploads\/2019\/10\/Comparison-600x384.png 600w\" sizes=\"auto, (max-width: 750px) 100vw, 750px\" \/>","protected":false},"excerpt":{"rendered":"<p>\u00a0\u00a0\u00a0\u00a0\u00a0 We, at medivisc, have developed a new state of the art technology which we call &#8220;pneumatic foam&#8221;.\u00a0 We have done extensive research for the best and healthiest material that a pillow can be made of and memory foam is one of the best healthy options but still memory foam [&hellip;]<\/p>\n","protected":false},"author":1,"featured_media":0,"parent":0,"menu_order":0,"comment_status":"closed","ping_status":"closed","template":"","meta":{"footnotes":""},"class_list":["post-99","page","type-page","status-publish","hentry"],"yoast_head":"<!-- This site is optimized with the Yoast SEO plugin v27.4 - https:\/\/yoast.com\/product\/yoast-seo-wordpress\/ -->\n<title>Technology - Medivisc<\/title>\n<meta name=\"robots\" content=\"index, follow, max-snippet:-1, max-image-preview:large, max-video-preview:-1\" \/>\n<link rel=\"canonical\" href=\"https:\/\/www.medivisc.com\/fr\/technology\/\" \/>\n<meta property=\"og:locale\" content=\"fr_FR\" \/>\n<meta property=\"og:type\" content=\"article\" \/>\n<meta property=\"og:title\" content=\"Technology - Medivisc\" \/>\n<meta property=\"og:description\" content=\"\u00a0\u00a0\u00a0\u00a0\u00a0 We, at medivisc, have developed a new state of the art technology which we call &#8220;pneumatic foam&#8221;.\u00a0 We have done extensive research for the best and healthiest material that a pillow can be made of and memory foam is one of the best healthy options but still memory foam [&hellip;]\" \/>\n<meta property=\"og:url\" content=\"https:\/\/www.medivisc.com\/fr\/technology\/\" \/>\n<meta property=\"og:site_name\" content=\"Medivisc\" \/>\n<meta property=\"article:publisher\" content=\"https:\/\/www.facebook.com\/medivisc\/\" \/>\n<meta property=\"article:modified_time\" content=\"2019-10-17T13:16:19+00:00\" \/>\n<meta property=\"og:image\" content=\"https:\/\/www.medivisc.com\/wp-content\/uploads\/2019\/10\/chemical-lab.jpg\" \/>\n<meta name=\"twitter:card\" content=\"summary_large_image\" \/>\n<meta name=\"twitter:label1\" content=\"Dur\u00e9e de lecture estim\u00e9e\" \/>\n\t<meta name=\"twitter:data1\" content=\"1 minute\" \/>\n<script type=\"application\/ld+json\" class=\"yoast-schema-graph\">{\"@context\":\"https:\\\/\\\/schema.org\",\"@graph\":[{\"@type\":\"WebPage\",\"@id\":\"https:\\\/\\\/www.medivisc.com\\\/technology\\\/\",\"url\":\"https:\\\/\\\/www.medivisc.com\\\/technology\\\/\",\"name\":\"Technology - Medivisc\",\"isPartOf\":{\"@id\":\"https:\\\/\\\/www.medivisc.com\\\/#website\"},\"primaryImageOfPage\":{\"@id\":\"https:\\\/\\\/www.medivisc.com\\\/technology\\\/#primaryimage\"},\"image\":{\"@id\":\"https:\\\/\\\/www.medivisc.com\\\/technology\\\/#primaryimage\"},\"thumbnailUrl\":\"https:\\\/\\\/www.medivisc.com\\\/wp-content\\\/uploads\\\/2019\\\/10\\\/chemical-lab.jpg\",\"datePublished\":\"2019-10-09T14:19:47+00:00\",\"dateModified\":\"2019-10-17T13:16:19+00:00\",\"breadcrumb\":{\"@id\":\"https:\\\/\\\/www.medivisc.com\\\/technology\\\/#breadcrumb\"},\"inLanguage\":\"fr-FR\",\"potentialAction\":[{\"@type\":\"ReadAction\",\"target\":[\"https:\\\/\\\/www.medivisc.com\\\/technology\\\/\"]}]},{\"@type\":\"ImageObject\",\"inLanguage\":\"fr-FR\",\"@id\":\"https:\\\/\\\/www.medivisc.com\\\/technology\\\/#primaryimage\",\"url\":\"https:\\\/\\\/www.medivisc.com\\\/wp-content\\\/uploads\\\/2019\\\/10\\\/chemical-lab.jpg\",\"contentUrl\":\"https:\\\/\\\/www.medivisc.com\\\/wp-content\\\/uploads\\\/2019\\\/10\\\/chemical-lab.jpg\"},{\"@type\":\"BreadcrumbList\",\"@id\":\"https:\\\/\\\/www.medivisc.com\\\/technology\\\/#breadcrumb\",\"itemListElement\":[{\"@type\":\"ListItem\",\"position\":1,\"name\":\"Home\",\"item\":\"https:\\\/\\\/www.medivisc.com\\\/\"},{\"@type\":\"ListItem\",\"position\":2,\"name\":\"Technology\"}]},{\"@type\":\"WebSite\",\"@id\":\"https:\\\/\\\/www.medivisc.com\\\/#website\",\"url\":\"https:\\\/\\\/www.medivisc.com\\\/\",\"name\":\"Medivisc\",\"description\":\"Medivisc\",\"publisher\":{\"@id\":\"https:\\\/\\\/www.medivisc.com\\\/#organization\"},\"potentialAction\":[{\"@type\":\"SearchAction\",\"target\":{\"@type\":\"EntryPoint\",\"urlTemplate\":\"https:\\\/\\\/www.medivisc.com\\\/?s={search_term_string}\"},\"query-input\":{\"@type\":\"PropertyValueSpecification\",\"valueRequired\":true,\"valueName\":\"search_term_string\"}}],\"inLanguage\":\"fr-FR\"},{\"@type\":\"Organization\",\"@id\":\"https:\\\/\\\/www.medivisc.com\\\/#organization\",\"name\":\"Medivisc\",\"url\":\"https:\\\/\\\/www.medivisc.com\\\/\",\"logo\":{\"@type\":\"ImageObject\",\"inLanguage\":\"fr-FR\",\"@id\":\"https:\\\/\\\/www.medivisc.com\\\/#\\\/schema\\\/logo\\\/image\\\/\",\"url\":\"https:\\\/\\\/www.medivisc.com\\\/wp-content\\\/uploads\\\/2019\\\/10\\\/final-logo.png\",\"contentUrl\":\"https:\\\/\\\/www.medivisc.com\\\/wp-content\\\/uploads\\\/2019\\\/10\\\/final-logo.png\",\"width\":360,\"height\":360,\"caption\":\"Medivisc\"},\"image\":{\"@id\":\"https:\\\/\\\/www.medivisc.com\\\/#\\\/schema\\\/logo\\\/image\\\/\"},\"sameAs\":[\"https:\\\/\\\/www.facebook.com\\\/medivisc\\\/\",\"https:\\\/\\\/www.instagram.com\\\/medivisc.global\\\/\"]}]}<\/script>\n<!-- \/ Yoast SEO plugin. -->","yoast_head_json":{"title":"Technology - Medivisc","robots":{"index":"index","follow":"follow","max-snippet":"max-snippet:-1","max-image-preview":"max-image-preview:large","max-video-preview":"max-video-preview:-1"},"canonical":"https:\/\/www.medivisc.com\/fr\/technology\/","og_locale":"fr_FR","og_type":"article","og_title":"Technology - Medivisc","og_description":"\u00a0\u00a0\u00a0\u00a0\u00a0 We, at medivisc, have developed a new state of the art technology which we call &#8220;pneumatic foam&#8221;.\u00a0 We have done extensive research for the best and healthiest material that a pillow can be made of and memory foam is one of the best healthy options but still memory foam [&hellip;]","og_url":"https:\/\/www.medivisc.com\/fr\/technology\/","og_site_name":"Medivisc","article_publisher":"https:\/\/www.facebook.com\/medivisc\/","article_modified_time":"2019-10-17T13:16:19+00:00","og_image":[{"url":"https:\/\/www.medivisc.com\/wp-content\/uploads\/2019\/10\/chemical-lab.jpg","type":"","width":"","height":""}],"twitter_card":"summary_large_image","twitter_misc":{"Dur\u00e9e de lecture estim\u00e9e":"1 minute"},"schema":{"@context":"https:\/\/schema.org","@graph":[{"@type":"WebPage","@id":"https:\/\/www.medivisc.com\/technology\/","url":"https:\/\/www.medivisc.com\/technology\/","name":"Technology - Medivisc","isPartOf":{"@id":"https:\/\/www.medivisc.com\/#website"},"primaryImageOfPage":{"@id":"https:\/\/www.medivisc.com\/technology\/#primaryimage"},"image":{"@id":"https:\/\/www.medivisc.com\/technology\/#primaryimage"},"thumbnailUrl":"https:\/\/www.medivisc.com\/wp-content\/uploads\/2019\/10\/chemical-lab.jpg","datePublished":"2019-10-09T14:19:47+00:00","dateModified":"2019-10-17T13:16:19+00:00","breadcrumb":{"@id":"https:\/\/www.medivisc.com\/technology\/#breadcrumb"},"inLanguage":"fr-FR","potentialAction":[{"@type":"ReadAction","target":["https:\/\/www.medivisc.com\/technology\/"]}]},{"@type":"ImageObject","inLanguage":"fr-FR","@id":"https:\/\/www.medivisc.com\/technology\/#primaryimage","url":"https:\/\/www.medivisc.com\/wp-content\/uploads\/2019\/10\/chemical-lab.jpg","contentUrl":"https:\/\/www.medivisc.com\/wp-content\/uploads\/2019\/10\/chemical-lab.jpg"},{"@type":"BreadcrumbList","@id":"https:\/\/www.medivisc.com\/technology\/#breadcrumb","itemListElement":[{"@type":"ListItem","position":1,"name":"Home","item":"https:\/\/www.medivisc.com\/"},{"@type":"ListItem","position":2,"name":"Technology"}]},{"@type":"WebSite","@id":"https:\/\/www.medivisc.com\/#website","url":"https:\/\/www.medivisc.com\/","name":"Medivisc","description":"Medivisc","publisher":{"@id":"https:\/\/www.medivisc.com\/#organization"},"potentialAction":[{"@type":"SearchAction","target":{"@type":"EntryPoint","urlTemplate":"https:\/\/www.medivisc.com\/?s={search_term_string}"},"query-input":{"@type":"PropertyValueSpecification","valueRequired":true,"valueName":"search_term_string"}}],"inLanguage":"fr-FR"},{"@type":"Organization","@id":"https:\/\/www.medivisc.com\/#organization","name":"Medivisc","url":"https:\/\/www.medivisc.com\/","logo":{"@type":"ImageObject","inLanguage":"fr-FR","@id":"https:\/\/www.medivisc.com\/#\/schema\/logo\/image\/","url":"https:\/\/www.medivisc.com\/wp-content\/uploads\/2019\/10\/final-logo.png","contentUrl":"https:\/\/www.medivisc.com\/wp-content\/uploads\/2019\/10\/final-logo.png","width":360,"height":360,"caption":"Medivisc"},"image":{"@id":"https:\/\/www.medivisc.com\/#\/schema\/logo\/image\/"},"sameAs":["https:\/\/www.facebook.com\/medivisc\/","https:\/\/www.instagram.com\/medivisc.global\/"]}]}},"jetpack_sharing_enabled":true,"_links":{"self":[{"href":"https:\/\/www.medivisc.com\/fr\/wp-json\/wp\/v2\/pages\/99","targetHints":{"allow":["GET"]}}],"collection":[{"href":"https:\/\/www.medivisc.com\/fr\/wp-json\/wp\/v2\/pages"}],"about":[{"href":"https:\/\/www.medivisc.com\/fr\/wp-json\/wp\/v2\/types\/page"}],"author":[{"embeddable":true,"href":"https:\/\/www.medivisc.com\/fr\/wp-json\/wp\/v2\/users\/1"}],"replies":[{"embeddable":true,"href":"https:\/\/www.medivisc.com\/fr\/wp-json\/wp\/v2\/comments?post=99"}],"version-history":[{"count":9,"href":"https:\/\/www.medivisc.com\/fr\/wp-json\/wp\/v2\/pages\/99\/revisions"}],"predecessor-version":[{"id":416,"href":"https:\/\/www.medivisc.com\/fr\/wp-json\/wp\/v2\/pages\/99\/revisions\/416"}],"wp:attachment":[{"href":"https:\/\/www.medivisc.com\/fr\/wp-json\/wp\/v2\/media?parent=99"}],"curies":[{"name":"wp","href":"https:\/\/api.w.org\/{rel}","templated":true}]}}